{"id":1567,"date":"2025-09-21T09:18:53","date_gmt":"2025-09-21T07:18:53","guid":{"rendered":"https:\/\/www.enora.fi\/?page_id=1567"},"modified":"2025-11-30T18:56:15","modified_gmt":"2025-11-30T16:56:15","slug":"enora-vip-terms-and-conditions","status":"publish","type":"page","link":"https:\/\/www.enora.fi\/en\/enora-vip-kayttoehdot\/","title":{"rendered":"Enora VIP Terms and Conditions"},"content":{"rendered":"<div data-elementor-type=\"wp-page\" data-elementor-id=\"1567\" class=\"elementor elementor-1567\" data-elementor-post-type=\"page\">\n\t\t\t\t<div class=\"elementor-element elementor-element-d649d44 e-flex e-con-boxed e-con e-parent\" data-id=\"d649d44\" data-element_type=\"container\" data-e-type=\"container\">\n\t\t\t\t\t<div class=\"e-con-inner\">\n\t\t\t\t<div class=\"elementor-element elementor-element-e4eda25 elementor-widget elementor-widget-heading\" data-id=\"e4eda25\" data-element_type=\"widget\" data-e-type=\"widget\" data-widget_type=\"heading.default\">\n\t\t\t\t\t<h2 class=\"elementor-heading-title elementor-size-default\">Enora VIP Terms and Conditions<\/h2>\t\t\t\t<\/div>\n\t\t\t\t<div class=\"elementor-element elementor-element-9ec0833 elementor-widget elementor-widget-text-editor\" data-id=\"9ec0833\" data-element_type=\"widget\" data-e-type=\"widget\" data-widget_type=\"text-editor.default\">\n\t\t\t\t\t\t\t\t\t<p data-start=\"238\" data-end=\"462\"><strong data-start=\"238\" data-end=\"252\">1. General<\/strong><br data-start=\"252\" data-end=\"255\" \/>These terms apply to the Enora VIP Membership service (the \u201cService\u201d) provided by Enora Solutions Oy (the \u201cProvider\u201d). By subscribing to the Service, the customer (the \u201cUser\u201d) accepts these terms and agrees to comply with them.<\/p><p data-start=\"464\" data-end=\"812\"><strong data-start=\"464\" data-end=\"487\">2. Service Content<\/strong><br data-start=\"487\" data-end=\"490\" \/>Enora VIP -j\u00e4senyys sis\u00e4lt\u00e4\u00e4 ajantasaisen materiaalin Microsoft 365 -ymp\u00e4rist\u00f6n muutoksista, viikoittain p\u00e4ivittyv\u00e4t M365 Mastery Sheets -esitykset (PPT-muodossa, suomeksi ja englanniksi) sek\u00e4 kuukausittaisen uutiskirjeen asiantuntijakommenteilla. Palvelu on k\u00e4ytett\u00e4viss\u00e4 kirjautumalla enora.fi-sivuston kautta.<\/p><p data-start=\"814\" data-end=\"1211\"><strong data-start=\"814\" data-end=\"835\">3. User Rights<\/strong><br data-start=\"835\" data-end=\"838\" \/>The user is permitted to use and distribute this material within their own organization. Reselling the material as-is or distributing it for public use without prior written permission is prohibited.<br data-start=\"1079\" data-end=\"1082\" \/>The right of use is personal and may not be transferred to a third party without the Provider\u2019s written consent.<\/p><p data-start=\"1213\" data-end=\"1660\"><strong data-start=\"1213\" data-end=\"1253\">4. Payment Terms and Membership Management<\/strong><br data-start=\"1253\" data-end=\"1256\" \/>The Service is a continuous monthly subscription, paid at the time of order by credit or debit card. The membership becomes effective immediately upon subscription, and payments are charged automatically at the beginning of each billing period.<br data-start=\"1462\" data-end=\"1465\" \/>The User may manage their membership and payment details via the enora.fi websites <em data-start=\"1531\" data-end=\"1541\">My account<\/em> -section. The membership can be canceled at any time, with the cancellation taking effect at the end of the current billing period.<\/p><p data-start=\"1662\" data-end=\"1953\"><strong data-start=\"1662\" data-end=\"1700\">5. Breach of Contract and Contractual Penalty<\/strong><br data-start=\"1700\" data-end=\"1703\" \/>If the User breaches these terms, for example by reselling the material as such or distributing it for public use, they are obliged to pay the Provider a contractual penalty of \u20ac10,000 and to compensate any additional damages incurred.<\/p><p data-start=\"1955\" data-end=\"2395\"><strong data-start=\"1955\" data-end=\"1977\">6. Limitation of Liability<\/strong><br data-start=\"1977\" data-end=\"1980\" \/>The Provider strives to produce up-to-date and accurate content but does not guarantee the completeness or accuracy of the information. The content and materials of the Service may change without prior notice. The Service is provided \u2018as is\u2019, and the Provider shall not be liable for any direct or indirect damages arising from the use of the Service, the information contained therein, or any possible interruptions.<\/p><p data-start=\"2397\" data-end=\"2653\"><strong data-start=\"2397\" data-end=\"2439\">7. Governing Law and Dispute Resolution<\/strong><br data-start=\"2439\" data-end=\"2442\" \/>These terms are governed by the laws of Finland. Any disputes will primarily be settled through negotiation. If no settlement is reached, disputes shall be finally resolved by the District Court of Helsinki, Finland.<\/p>\t\t\t\t\t\t\t\t<\/div>\n\t\t\t\t\t<\/div>\n\t\t\t\t<\/div>\n\t\t\t\t<\/div>","protected":false},"excerpt":{"rendered":"<p>Enora VIP k\u00e4ytt\u00f6ehdot 1. Yleist\u00e4N\u00e4m\u00e4 ehdot koskevat Enora Solutions Oy:n (\u201dPalveluntarjoaja\u201d) tarjoamaa Enora VIP -j\u00e4senyyspalvelua (\u201dPalvelu\u201d). Palvelun tilaamalla asiakas (\u201dK\u00e4ytt\u00e4j\u00e4\u201d) hyv\u00e4ksyy n\u00e4m\u00e4 ehdot ja sitoutuu noudattamaan niit\u00e4. 2. Palvelun sis\u00e4lt\u00f6Enora VIP -j\u00e4senyys sis\u00e4lt\u00e4\u00e4 ajantasaisen materiaalin Microsoft 365 -ymp\u00e4rist\u00f6n muutoksista, viikoittain p\u00e4ivittyv\u00e4t M365 Mastery Sheets -esitykset (PPT-muodossa, suomeksi ja englanniksi) sek\u00e4 kuukausittaisen uutiskirjeen asiantuntijakommenteilla. Palvelu on [&hellip;]<\/p>\n","protected":false},"author":1,"featured_media":0,"parent":0,"menu_order":0,"comment_status":"closed","ping_status":"closed","template":"","meta":{"footnotes":""},"class_list":["post-1567","page","type-page","status-publish","hentry"],"yoast_head":"<!-- This site is optimized with the Yoast SEO plugin v27.4 - https:\/\/yoast.com\/product\/yoast-seo-wordpress\/ -->\n<title>Enora VIP k\u00e4ytt\u00f6ehdot - Enora Solutions<\/title>\n<meta name=\"robots\" content=\"index, follow, max-snippet:-1, max-image-preview:large, max-video-preview:-1\" \/>\n<link rel=\"canonical\" href=\"https:\/\/www.enora.fi\/en\/enora-vip-terms-and-conditions\/\" \/>\n<meta property=\"og:locale\" content=\"en_US\" \/>\n<meta property=\"og:type\" content=\"article\" \/>\n<meta property=\"og:title\" content=\"Enora VIP k\u00e4ytt\u00f6ehdot - Enora Solutions\" \/>\n<meta property=\"og:description\" content=\"Enora VIP k\u00e4ytt\u00f6ehdot 1. Yleist\u00e4N\u00e4m\u00e4 ehdot koskevat Enora Solutions Oy:n (\u201dPalveluntarjoaja\u201d) tarjoamaa Enora VIP -j\u00e4senyyspalvelua (\u201dPalvelu\u201d). Palvelun tilaamalla asiakas (\u201dK\u00e4ytt\u00e4j\u00e4\u201d) hyv\u00e4ksyy n\u00e4m\u00e4 ehdot ja sitoutuu noudattamaan niit\u00e4. 2. Palvelun sis\u00e4lt\u00f6Enora VIP -j\u00e4senyys sis\u00e4lt\u00e4\u00e4 ajantasaisen materiaalin Microsoft 365 -ymp\u00e4rist\u00f6n muutoksista, viikoittain p\u00e4ivittyv\u00e4t M365 Mastery Sheets -esitykset (PPT-muodossa, suomeksi ja englanniksi) sek\u00e4 kuukausittaisen uutiskirjeen asiantuntijakommenteilla. Palvelu on [&hellip;]\" \/>\n<meta property=\"og:url\" content=\"https:\/\/www.enora.fi\/en\/enora-vip-terms-and-conditions\/\" \/>\n<meta property=\"og:site_name\" content=\"Enora Solutions\" \/>\n<meta property=\"article:modified_time\" content=\"2025-11-30T16:56:15+00:00\" \/>\n<meta name=\"twitter:card\" content=\"summary_large_image\" \/>\n<meta name=\"twitter:label1\" content=\"Est. reading time\" \/>\n\t<meta name=\"twitter:data1\" content=\"2 minutes\" \/>\n<script type=\"application\/ld+json\" class=\"yoast-schema-graph\">{\"@context\":\"https:\\\/\\\/schema.org\",\"@graph\":[{\"@type\":\"WebPage\",\"@id\":\"https:\\\/\\\/www.enora.fi\\\/enora-vip-kayttoehdot\\\/\",\"url\":\"https:\\\/\\\/www.enora.fi\\\/enora-vip-kayttoehdot\\\/\",\"name\":\"Enora VIP k\u00e4ytt\u00f6ehdot - Enora Solutions\",\"isPartOf\":{\"@id\":\"https:\\\/\\\/www.enora.fi\\\/#website\"},\"datePublished\":\"2025-09-21T07:18:53+00:00\",\"dateModified\":\"2025-11-30T16:56:15+00:00\",\"breadcrumb\":{\"@id\":\"https:\\\/\\\/www.enora.fi\\\/enora-vip-kayttoehdot\\\/#breadcrumb\"},\"inLanguage\":\"en-US\",\"potentialAction\":[{\"@type\":\"ReadAction\",\"target\":[\"https:\\\/\\\/www.enora.fi\\\/enora-vip-kayttoehdot\\\/\"]}]},{\"@type\":\"BreadcrumbList\",\"@id\":\"https:\\\/\\\/www.enora.fi\\\/enora-vip-kayttoehdot\\\/#breadcrumb\",\"itemListElement\":[{\"@type\":\"ListItem\",\"position\":1,\"name\":\"Home\",\"item\":\"https:\\\/\\\/www.enora.fi\\\/\"},{\"@type\":\"ListItem\",\"position\":2,\"name\":\"Enora VIP k\u00e4ytt\u00f6ehdot\"}]},{\"@type\":\"WebSite\",\"@id\":\"https:\\\/\\\/www.enora.fi\\\/#website\",\"url\":\"https:\\\/\\\/www.enora.fi\\\/\",\"name\":\"Enora Solutions\",\"description\":\"Etusivu &ndash; Microsoft 365 -konsultointi ja koulutus | Enora Solutions\",\"publisher\":{\"@id\":\"https:\\\/\\\/www.enora.fi\\\/#organization\"},\"potentialAction\":[{\"@type\":\"SearchAction\",\"target\":{\"@type\":\"EntryPoint\",\"urlTemplate\":\"https:\\\/\\\/www.enora.fi\\\/?s={search_term_string}\"},\"query-input\":{\"@type\":\"PropertyValueSpecification\",\"valueRequired\":true,\"valueName\":\"search_term_string\"}}],\"inLanguage\":\"en-US\"},{\"@type\":\"Organization\",\"@id\":\"https:\\\/\\\/www.enora.fi\\\/#organization\",\"name\":\"Enora Solutions\",\"url\":\"https:\\\/\\\/www.enora.fi\\\/\",\"logo\":{\"@type\":\"ImageObject\",\"inLanguage\":\"en-US\",\"@id\":\"https:\\\/\\\/www.enora.fi\\\/#\\\/schema\\\/logo\\\/image\\\/\",\"url\":\"https:\\\/\\\/i0.wp.com\\\/www.enora.fi\\\/wp-content\\\/uploads\\\/2025\\\/09\\\/signal-2025-09-13-172113_002.png?fit=1200%2C300&ssl=1\",\"contentUrl\":\"https:\\\/\\\/i0.wp.com\\\/www.enora.fi\\\/wp-content\\\/uploads\\\/2025\\\/09\\\/signal-2025-09-13-172113_002.png?fit=1200%2C300&ssl=1\",\"width\":1200,\"height\":300,\"caption\":\"Enora Solutions\"},\"image\":{\"@id\":\"https:\\\/\\\/www.enora.fi\\\/#\\\/schema\\\/logo\\\/image\\\/\"},\"sameAs\":[\"https:\\\/\\\/www.linkedin.com\\\/company\\\/enora-solutions\\\/\"]}]}<\/script>\n<!-- \/ Yoast SEO plugin. -->","yoast_head_json":{"title":"Enora VIP k\u00e4ytt\u00f6ehdot - Enora Solutions","robots":{"index":"index","follow":"follow","max-snippet":"max-snippet:-1","max-image-preview":"max-image-preview:large","max-video-preview":"max-video-preview:-1"},"canonical":"https:\/\/www.enora.fi\/en\/enora-vip-terms-and-conditions\/","og_locale":"en_US","og_type":"article","og_title":"Enora VIP k\u00e4ytt\u00f6ehdot - Enora Solutions","og_description":"Enora VIP k\u00e4ytt\u00f6ehdot 1. Yleist\u00e4N\u00e4m\u00e4 ehdot koskevat Enora Solutions Oy:n (\u201dPalveluntarjoaja\u201d) tarjoamaa Enora VIP -j\u00e4senyyspalvelua (\u201dPalvelu\u201d). Palvelun tilaamalla asiakas (\u201dK\u00e4ytt\u00e4j\u00e4\u201d) hyv\u00e4ksyy n\u00e4m\u00e4 ehdot ja sitoutuu noudattamaan niit\u00e4. 2. Palvelun sis\u00e4lt\u00f6Enora VIP -j\u00e4senyys sis\u00e4lt\u00e4\u00e4 ajantasaisen materiaalin Microsoft 365 -ymp\u00e4rist\u00f6n muutoksista, viikoittain p\u00e4ivittyv\u00e4t M365 Mastery Sheets -esitykset (PPT-muodossa, suomeksi ja englanniksi) sek\u00e4 kuukausittaisen uutiskirjeen asiantuntijakommenteilla. Palvelu on [&hellip;]","og_url":"https:\/\/www.enora.fi\/en\/enora-vip-terms-and-conditions\/","og_site_name":"Enora Solutions","article_modified_time":"2025-11-30T16:56:15+00:00","twitter_card":"summary_large_image","twitter_misc":{"Est. reading time":"2 minutes"},"schema":{"@context":"https:\/\/schema.org","@graph":[{"@type":"WebPage","@id":"https:\/\/www.enora.fi\/enora-vip-kayttoehdot\/","url":"https:\/\/www.enora.fi\/enora-vip-kayttoehdot\/","name":"Enora VIP k\u00e4ytt\u00f6ehdot - Enora Solutions","isPartOf":{"@id":"https:\/\/www.enora.fi\/#website"},"datePublished":"2025-09-21T07:18:53+00:00","dateModified":"2025-11-30T16:56:15+00:00","breadcrumb":{"@id":"https:\/\/www.enora.fi\/enora-vip-kayttoehdot\/#breadcrumb"},"inLanguage":"en-US","potentialAction":[{"@type":"ReadAction","target":["https:\/\/www.enora.fi\/enora-vip-kayttoehdot\/"]}]},{"@type":"BreadcrumbList","@id":"https:\/\/www.enora.fi\/enora-vip-kayttoehdot\/#breadcrumb","itemListElement":[{"@type":"ListItem","position":1,"name":"Home","item":"https:\/\/www.enora.fi\/"},{"@type":"ListItem","position":2,"name":"Enora VIP k\u00e4ytt\u00f6ehdot"}]},{"@type":"WebSite","@id":"https:\/\/www.enora.fi\/#website","url":"https:\/\/www.enora.fi\/","name":"Enora Solutions","description":"Etusivu &ndash; Microsoft 365 -konsultointi ja koulutus | Enora Solutions","publisher":{"@id":"https:\/\/www.enora.fi\/#organization"},"potentialAction":[{"@type":"SearchAction","target":{"@type":"EntryPoint","urlTemplate":"https:\/\/www.enora.fi\/?s={search_term_string}"},"query-input":{"@type":"PropertyValueSpecification","valueRequired":true,"valueName":"search_term_string"}}],"inLanguage":"en-US"},{"@type":"Organization","@id":"https:\/\/www.enora.fi\/#organization","name":"Enora Solutions","url":"https:\/\/www.enora.fi\/","logo":{"@type":"ImageObject","inLanguage":"en-US","@id":"https:\/\/www.enora.fi\/#\/schema\/logo\/image\/","url":"https:\/\/i0.wp.com\/www.enora.fi\/wp-content\/uploads\/2025\/09\/signal-2025-09-13-172113_002.png?fit=1200%2C300&ssl=1","contentUrl":"https:\/\/i0.wp.com\/www.enora.fi\/wp-content\/uploads\/2025\/09\/signal-2025-09-13-172113_002.png?fit=1200%2C300&ssl=1","width":1200,"height":300,"caption":"Enora Solutions"},"image":{"@id":"https:\/\/www.enora.fi\/#\/schema\/logo\/image\/"},"sameAs":["https:\/\/www.linkedin.com\/company\/enora-solutions\/"]}]}},"jetpack_sharing_enabled":true,"_links":{"self":[{"href":"https:\/\/www.enora.fi\/en\/wp-json\/wp\/v2\/pages\/1567","targetHints":{"allow":["GET"]}}],"collection":[{"href":"https:\/\/www.enora.fi\/en\/wp-json\/wp\/v2\/pages"}],"about":[{"href":"https:\/\/www.enora.fi\/en\/wp-json\/wp\/v2\/types\/page"}],"author":[{"embeddable":true,"href":"https:\/\/www.enora.fi\/en\/wp-json\/wp\/v2\/users\/1"}],"replies":[{"embeddable":true,"href":"https:\/\/www.enora.fi\/en\/wp-json\/wp\/v2\/comments?post=1567"}],"version-history":[{"count":13,"href":"https:\/\/www.enora.fi\/en\/wp-json\/wp\/v2\/pages\/1567\/revisions"}],"predecessor-version":[{"id":2167,"href":"https:\/\/www.enora.fi\/en\/wp-json\/wp\/v2\/pages\/1567\/revisions\/2167"}],"wp:attachment":[{"href":"https:\/\/www.enora.fi\/en\/wp-json\/wp\/v2\/media?parent=1567"}],"curies":[{"name":"wp","href":"https:\/\/api.w.org\/{rel}","templated":true}]}}